{"id":19,"date":"2014-09-14T09:20:13","date_gmt":"2014-09-14T09:20:13","guid":{"rendered":"http:\/\/localhost\/final-leisure\/?page_id=17"},"modified":"2025-07-31T14:55:10","modified_gmt":"2025-07-31T14:55:10","slug":"attivita","status":"publish","type":"page","link":"https:\/\/www.albergodimurlo.com\/fr\/attivita\/","title":{"rendered":"Activit\u00e9s"},"content":{"rendered":"<p>[vc_row][vc_column][vc_column_text]<\/p>\n<h3>La piscine<\/h3>\n<p class=\"testo\">Nous disposons d\u2019une piscine externe semi-olympique (25m x 15m) ainsi qu\u2019une pataugeoire pour enfants, o\u00f9 vous pourrez vous d\u00e9tendre et vous rafraichir apr\u00e8s une \u00ab\u00a0\u00e9puisante\u00a0\u00bb journ\u00e9e d\u2019activit\u00e9s.<br \/>\nNous vous servons aussi le d\u00e9jeuner sous votre parasol et l\u2019ap\u00e9ritif au coucher du soleil.<\/p>\n<h3>Tennis<\/h3>\n<p class=\"testo\">Nos installations comprennent aussi un terrain de tennis en herbe synth\u00e9tique et muni d\u2019un \u00e9clairage nocturne.<\/p>\n<h3>Wine tour<\/h3>\n<h3><img loading=\"lazy\" decoding=\"async\" class=\"wp-image-1232 size-medium alignright\" style=\"margin-bottom: 10px;\" src=\"http:\/\/www.albergodimurlo.com\/wp-content\/uploads\/2014\/09\/001-1-300x199.jpg\" alt=\"001\" width=\"300\" height=\"199\" \/><\/h3>\n<p class=\"testo\">\u00a0Le Brunello di Montalcino, le Chianti Classico et le Sangiovese sont parmi les plus c\u00e9l\u00e8bres vins Italiens. Si vous avez l&rsquo;intention d&rsquo;organiser un voyage vers Florence, Sienne ou la Toscane, ne manquez pas l&rsquo;occasion de go\u00fbter ces vins directement dans leur terroir d&rsquo;origine. Une exp\u00e9rience unique, qui vous fera appr\u00e9cier encore plus les fameux nectars du Chianti et de Montalcino, et vous fera conna\u00eetre tous les secrets de leur production.<br \/>\nLe long de ses routes les plus charmantes , vous pourrez d\u00e9couvrir la campagne toscane et ses merveilleux paysages, o\u00f9 des collines satin\u00e9es se d\u00e9roulent en une infinie mer verte. De Murlo, il vous sera possible de visiter plusieurs vignobles qui vous d\u00e9voileront toute la grande saveur de leurs terroirs. Parfois, certaines entreprises vinicoles vous seront montr\u00e9es personnellement par les agriculteurs et les \u0153nologues qui s&rsquo;en occupent. Vous vivrez des moments de plaisir inoubliable accompagn\u00e9s par des vins excellents!<br \/>\nNotre h\u00f4tel se situe \u00e0 13 Km de Montalcino un territoire c\u00e9l\u00e8bre pour son prestigieux Brunello di Montalcino qui est l&rsquo;un des vins \u00e0 avoir obtenu la certification DOCG, tr\u00e8s recherch\u00e9e chez les amateurs-collectionneurs. Son go\u00fbt robuste, un peu tannique, est le r\u00e9sultat d&rsquo;un long affinage en tonneaux de ch\u00eane rouvre de qualit\u00e9: en effet, les r\u00e8gles de la classification DOCG imposent qu&rsquo;un vin ne puisse \u00eatre vendu comme Brunello que quatre ans au moins apr\u00e8s la vendange. Aussi, Le Rosso di Montalcino, plus l\u00e9ger, est une sorte de Brunello \u00ab d\u00e9class\u00e9 \u00bb plus jeune, cr\u00e9\u00e9 afin de permettre d&rsquo;appr\u00e9cier le vin de Montalcino de fa\u00e7on plus accessible.<\/p>\n<h3>Sources thermales<\/h3>\n<p class=\"testo\"><img loading=\"lazy\" decoding=\"async\" class=\"size-medium wp-image-1233 alignleft\" style=\"margin-bottom: 10px;\" src=\"http:\/\/www.albergodimurlo.com\/wp-content\/uploads\/sites\/10\/2014\/09\/002-300x199.jpg\" alt=\"002\" width=\"300\" height=\"199\" \/>\u00a0Aux confins des douces collines du Val d\u2019Orcia se dresse l\u2019imposant mont Amiata, un volcan \u00e9teint dont l\u2019activit\u00e9 interne n\u2019est pas compl\u00e8tement termin\u00e9e, nous offrant ainsi d\u2019innombrables sources thermales. Lors de votre s\u00e9jour, vous pourrez vous baigner dans ces splendides sources d\u2019eau chaude sulfureuse dont l\u2019une des plus chaude, Petriolo, se trouvant \u00e0 12 km de Murlo. Plusieurs autres telles que Bagno Vignoni, Saturnia et Bagni San Filippo sont utilis\u00e9s depuis l\u2019\u00e9poque de l\u2019empire romain et reconnues pour leurs vertus th\u00e9rapeutiques. Il est possible de profiter des thermes gratuitement ou bien de se rendre \u00e0 un des \u00e9tablissements am\u00e9nag\u00e9s pour une somme modique o\u00f9 l\u2019on retrouve aussi massages et bains turcs. Tous nos clients b\u00e9n\u00e9ficient d\u2019un rabais aux thermes de Petriolo, demandez-nous le votre!<\/p>\n<h3>\u00c9quitation<\/h3>\n<p class=\"testo\">Ne manquez pas l\u2019occasion de parcourir la r\u00e9gion en galopant! Que vous soyez un cavalier \u00e9m\u00e9rite ou \u00e0 votre toute premi\u00e8re exp\u00e9rience, les centres \u00e9questres auront certainement de quoi vous plaire. Explorez des lieux difficilement accessible par d\u2019autres moyens \u00e0 l\u2019aide d\u2019un guide et de votre compagnon \u00e0 quatre pattes au caract\u00e8re docile et r\u00e9sistant \u00e0 la fatigue. Les nombreux sentiers vous m\u00e8neront \u00e0 d\u00e9couvrir de magnifiques petites \u00e9glises, monast\u00e8res abandonn\u00e9s, ch\u00e2teaux et ruines, symboles d\u2019une riche histoire et t\u00e9moignages de notre h\u00e9ritage culturel. Demandez-nous votre rabais \u00e0 l\u2019une des \u00e9coles d\u2019\u00e9quitation voisine qui poss\u00e8de aussi des poneys pour les enfants.<\/p>\n<p>[\/vc_column_text][\/vc_column][\/vc_row]<\/p>\n","protected":false},"excerpt":{"rendered":"<p>[vc_row][vc_column][vc_column_text] La piscine Nous disposons d\u2019une piscine externe semi-olympique (25m x 15m) ainsi qu\u2019une pataugeoire pour enfants, o\u00f9 vous pourrez [&hellip;]<\/p>\n","protected":false},"author":2,"featured_media":0,"parent":0,"menu_order":0,"comment_status":"open","ping_status":"open","template":"","meta":{"footnotes":""},"class_list":["post-19","page","type-page","status-publish","hentry"],"_links":{"self":[{"href":"https:\/\/www.albergodimurlo.com\/fr\/wp-json\/wp\/v2\/pages\/19","targetHints":{"allow":["GET"]}}],"collection":[{"href":"https:\/\/www.albergodimurlo.com\/fr\/wp-json\/wp\/v2\/pages"}],"about":[{"href":"https:\/\/www.albergodimurlo.com\/fr\/wp-json\/wp\/v2\/types\/page"}],"author":[{"embeddable":true,"href":"https:\/\/www.albergodimurlo.com\/fr\/wp-json\/wp\/v2\/users\/2"}],"replies":[{"embeddable":true,"href":"https:\/\/www.albergodimurlo.com\/fr\/wp-json\/wp\/v2\/comments?post=19"}],"version-history":[{"count":15,"href":"https:\/\/www.albergodimurlo.com\/fr\/wp-json\/wp\/v2\/pages\/19\/revisions"}],"predecessor-version":[{"id":1355,"href":"https:\/\/www.albergodimurlo.com\/fr\/wp-json\/wp\/v2\/pages\/19\/revisions\/1355"}],"wp:attachment":[{"href":"https:\/\/www.albergodimurlo.com\/fr\/wp-json\/wp\/v2\/media?parent=19"}],"curies":[{"name":"wp","href":"https:\/\/api.w.org\/{rel}","templated":true}]}}