{"id":15,"date":"2014-09-14T09:20:02","date_gmt":"2014-09-14T09:20:02","guid":{"rendered":"http:\/\/localhost\/final-leisure\/?page_id=15"},"modified":"2025-07-31T14:43:47","modified_gmt":"2025-07-31T14:43:47","slug":"ristorante","status":"publish","type":"page","link":"https:\/\/www.albergodimurlo.com\/fr\/ristorante\/","title":{"rendered":"Restaurant"},"content":{"rendered":"<p>[vc_row parallax=\u00a0\u00bbyes\u00a0\u00bb css=\u00a0\u00bb.vc_custom_1411746823521{background-image: url(http:\/\/95.110.185.4\/wp-content\/uploads\/sites\/10\/2014\/09\/bg-events-3.jpg?id=758) !important;background-position: center !important;background-repeat: no-repeat !important;background-size: cover !important;}\u00a0\u00bb min_height=\u00a0\u00bb500px\u00a0\u00bb parallax_ratio=\u00a0\u00bb0.65323&Prime;][vc_column][vc_column_text]<\/p>\n<div id=\"content\">\n<p class=\"testo\">Le restaurant vous offre un menu aux saveurs et aux recettes authentiques de la toscane.<br \/>\nL\u2019 hotel est g\u00e9r\u00e9 familialement, c\u2019est donc les propri\u00e9taires eux-m\u00eames qui se feront un plaisir de vous cuisiner pates fraiches faites maison, champignons locaux, viandes sauvages de la r\u00e9gion (sanglier, faisant) et sans oublier le fameux bifteck \u00e0 la florentine, provenant du b\u0153uf de chianina, strictement toscan. Les fruits et l\u00e9gumes de la saison sont acquis directement des fermes agricoles voisines ce qui garantie leur gout exquis et leur fraicheur.<\/p>\n<p class=\"testo\">Le tout peut etre accompagn\u00e9 d\u2019un bon vin du terroire. Entre autre, le Chianti et le Chianti classico faits principalement de sangiovese, le c\u00e9page le plus r\u00e9pandu d\u2019Italie, seront vous charmer avec leurs aromes et leur bon rapport qualit\u00e9\/prix. De plus, Murlo se trouvant dans la zone g\u00e9ographique du Chianti, est situ\u00e9 \u00e0 10 kilom\u00e8tres de Montalcino o\u00f9 l\u2019on produit le prestigieux brunello di Montalcino.<br \/>\nDurant la saison estivale, la salle-\u00e0-manger dispose de l\u2019air climatis\u00e9e, mais profitez plut\u00f4t de la terrasse externe o\u00f9 souffle toujours une l\u00e9g\u00e8re brise fraiche au soir.<br \/>\nVoici les plats du menu qui sont servis tout au long de l&rsquo;ann\u00e9e. Cependant, vous pourrez.<\/p>\n<p><img loading=\"lazy\" decoding=\"async\" class=\"aligncenter wp-image-1381 size-full\" src=\"http:\/\/www.albergodimurlo.com\/wp-content\/uploads\/2024\/04\/menu2024.jpg\" alt=\"\" width=\"1024\" height=\"1280\" \/><\/p>\n<p><img loading=\"lazy\" decoding=\"async\" class=\"aligncenter wp-image-1382 size-full\" src=\"http:\/\/www.albergodimurlo.com\/wp-content\/uploads\/2024\/04\/winelist2024.jpg\" alt=\"\" width=\"946\" height=\"1170\" \/>\n<\/div>\n<p>[\/vc_column_text][\/vc_column][\/vc_row]<\/p>\n","protected":false},"excerpt":{"rendered":"<p>[vc_row parallax=\u00a0\u00bbyes\u00a0\u00bb css=\u00a0\u00bb.vc_custom_1411746823521{background-image: url(http:\/\/95.110.185.4\/wp-content\/uploads\/sites\/10\/2014\/09\/bg-events-3.jpg?id=758) !important;background-position: center !important;background-repeat: no-repeat !important;background-size: cover !important;}\u00a0\u00bb min_height=\u00a0\u00bb500px\u00a0\u00bb parallax_ratio=\u00a0\u00bb0.65323&Prime;][vc_column][vc_column_text] Le restaurant vous offre un menu aux [&hellip;]<\/p>\n","protected":false},"author":2,"featured_media":0,"parent":0,"menu_order":0,"comment_status":"open","ping_status":"open","template":"page-templates\/page-fullwidth.php","meta":{"footnotes":""},"class_list":["post-15","page","type-page","status-publish","hentry"],"_links":{"self":[{"href":"https:\/\/www.albergodimurlo.com\/fr\/wp-json\/wp\/v2\/pages\/15","targetHints":{"allow":["GET"]}}],"collection":[{"href":"https:\/\/www.albergodimurlo.com\/fr\/wp-json\/wp\/v2\/pages"}],"about":[{"href":"https:\/\/www.albergodimurlo.com\/fr\/wp-json\/wp\/v2\/types\/page"}],"author":[{"embeddable":true,"href":"https:\/\/www.albergodimurlo.com\/fr\/wp-json\/wp\/v2\/users\/2"}],"replies":[{"embeddable":true,"href":"https:\/\/www.albergodimurlo.com\/fr\/wp-json\/wp\/v2\/comments?post=15"}],"version-history":[{"count":9,"href":"https:\/\/www.albergodimurlo.com\/fr\/wp-json\/wp\/v2\/pages\/15\/revisions"}],"predecessor-version":[{"id":1354,"href":"https:\/\/www.albergodimurlo.com\/fr\/wp-json\/wp\/v2\/pages\/15\/revisions\/1354"}],"wp:attachment":[{"href":"https:\/\/www.albergodimurlo.com\/fr\/wp-json\/wp\/v2\/media?parent=15"}],"curies":[{"name":"wp","href":"https:\/\/api.w.org\/{rel}","templated":true}]}}