{"id":1334,"date":"2016-02-29T10:43:15","date_gmt":"2016-02-29T10:43:15","guid":{"rendered":"http:\/\/albergo.dwelf.it\/fr\/informazioni\/"},"modified":"2025-07-31T14:30:27","modified_gmt":"2025-07-31T14:30:27","slug":"information","status":"publish","type":"page","link":"https:\/\/www.albergodimurlo.com\/fr\/information\/","title":{"rendered":"Information"},"content":{"rendered":"<p>[vc_row][vc_column][vc_column_text]<\/p>\n<h2>Contacts<\/h2>\n<p>Hotel L\u2019Albergo di Murlo<br \/>\nVia Martiri di Rigosecco, 1\/3<br \/>\nVescovado di Murlo<br \/>\n53016 Murlo (Siena)<\/p>\n<p>Tel. +39 0577 814662<br \/>\nMobile +39 346 3834916<br \/>\nFax +39 0577 811072<br \/>\ne-mail: <a href=\"mailto:info@albergodimurlo.com\">info@albergodimurlo.com<\/a><\/p>\n<h2>Tarifs<\/h2>\n<p>Les tarifs peuvent varier en fonction de plusieurs facteurs (saison, nombre de personnes, dur\u00e9e du s\u00e9jour). Pour obtenir des informations sur les tarifs, vous pouvez envoyer un e-mail \u00e0 <a href=\"mailto:info@albergodimurlo.com\">info@albergodimurlo.com<\/a> avec vos coordonn\u00e9es, et nous vous recontacterons par t\u00e9l\u00e9phone ou par e-mail.<\/p>\n<h2>Demandes<\/h2>\n<p>Pour toute information g\u00e9n\u00e9rale concernant des \u00e9v\u00e9nements, des groupes ou autre, vous pouvez envoyer un e-mail \u00e0 <a href=\"mailto:info@albergodimurlo.com\">info@albergodimurlo.com<\/a>.<\/p>\n<p>[\/vc_column_text][\/vc_column][\/vc_row]<\/p>\n","protected":false},"excerpt":{"rendered":"<p>[vc_row][vc_column][vc_column_text] Contacts Hotel L\u2019Albergo di Murlo Via Martiri di Rigosecco, 1\/3 Vescovado di Murlo 53016 Murlo (Siena) Tel. +39 0577 [&hellip;]<\/p>\n","protected":false},"author":1,"featured_media":0,"parent":0,"menu_order":0,"comment_status":"closed","ping_status":"closed","template":"","meta":{"footnotes":""},"class_list":["post-1334","page","type-page","status-publish","hentry"],"_links":{"self":[{"href":"https:\/\/www.albergodimurlo.com\/fr\/wp-json\/wp\/v2\/pages\/1334","targetHints":{"allow":["GET"]}}],"collection":[{"href":"https:\/\/www.albergodimurlo.com\/fr\/wp-json\/wp\/v2\/pages"}],"about":[{"href":"https:\/\/www.albergodimurlo.com\/fr\/wp-json\/wp\/v2\/types\/page"}],"author":[{"embeddable":true,"href":"https:\/\/www.albergodimurlo.com\/fr\/wp-json\/wp\/v2\/users\/1"}],"replies":[{"embeddable":true,"href":"https:\/\/www.albergodimurlo.com\/fr\/wp-json\/wp\/v2\/comments?post=1334"}],"version-history":[{"count":6,"href":"https:\/\/www.albergodimurlo.com\/fr\/wp-json\/wp\/v2\/pages\/1334\/revisions"}],"predecessor-version":[{"id":1353,"href":"https:\/\/www.albergodimurlo.com\/fr\/wp-json\/wp\/v2\/pages\/1334\/revisions\/1353"}],"wp:attachment":[{"href":"https:\/\/www.albergodimurlo.com\/fr\/wp-json\/wp\/v2\/media?parent=1334"}],"curies":[{"name":"wp","href":"https:\/\/api.w.org\/{rel}","templated":true}]}}