{"id":1333,"date":"2016-02-29T16:16:16","date_gmt":"2016-02-29T16:16:16","guid":{"rendered":"http:\/\/albergo.dwelf.it\/fr\/?page_id=1333"},"modified":"2016-02-29T16:45:14","modified_gmt":"2016-02-29T16:45:14","slug":"home","status":"publish","type":"page","link":"https:\/\/www.albergodimurlo.com\/fr\/","title":{"rendered":"Home"},"content":{"rendered":"<p>[vc_row][vc_column width=\u00a0\u00bb2\/3&Prime; offset=\u00a0\u00bbvc_col-sm-offset-2&Prime;][vc_column_text]<\/p>\n<h1 style=\"text-align: center;\"><small>La famille Rubegni vous accueille \u00e0<\/small>L&rsquo;ALBERGO DI MURLO<\/h1>\n<h2 style=\"text-align: center;\">Notre <a href=\"http:\/\/albergo.dwelf.it\/hotel\/\">h\u00f4tel<\/a> au <a href=\"http:\/\/albergo.dwelf.it\/territorio\/\">coeur de la Toscane<\/a> vous accueille avec une <a href=\"http:\/\/albergo.dwelf.it\/ristorante\/\">cuisine traditionnelle<\/a>, une vue panoramique et piscine, \u00e0 quelques kilom\u00e8tres de <a href=\"http:\/\/albergo.dwelf.it\/dintorni\/\">nombreuses destinations<\/a> et <a href=\"http:\/\/albergo.dwelf.it\/attivita\/\">activit\u00e9s<\/a> dans la province de Sienne.<\/h2>\n<p style=\"text-align: center;\">Pour ceux qui recherchent un h\u00e9bergement de qualit\u00e9 dans un endroit pittoresque, Murlo, une oasis naturelle entre le Val d&rsquo;Orcia et le Val di Merse, est un excellent choix pour des vacances ou un repos paisible sur la route . Albergo di Murlo propose des chambres avec toutes les commodit\u00e9s: salle de bain, internet, TV et t\u00e9l\u00e9phone; ainsi que la commodit\u00e9 d&rsquo;un restaurant, un bar et une piscine.<\/p>\n<p>[\/vc_column_text][vc_gallery images=\u00a0\u00bb1179,1307,1161,1193,1163,1160,1260,1259,1265,1170&Prime; columns=\u00a0\u00bb5&Prime;][\/vc_column][\/vc_row]<\/p>\n","protected":false},"excerpt":{"rendered":"<p>[vc_row][vc_column width=\u00a0\u00bb2\/3&Prime; offset=\u00a0\u00bbvc_col-sm-offset-2&Prime;][vc_column_text] La famille Rubegni vous accueille \u00e0L&rsquo;ALBERGO DI MURLO Notre h\u00f4tel au coeur de la Toscane vous accueille [&hellip;]<\/p>\n","protected":false},"author":1,"featured_media":0,"parent":0,"menu_order":0,"comment_status":"closed","ping_status":"closed","template":"page-templates\/page-fullwidth.php","meta":{"footnotes":""},"class_list":["post-1333","page","type-page","status-publish","hentry"],"_links":{"self":[{"href":"https:\/\/www.albergodimurlo.com\/fr\/wp-json\/wp\/v2\/pages\/1333","targetHints":{"allow":["GET"]}}],"collection":[{"href":"https:\/\/www.albergodimurlo.com\/fr\/wp-json\/wp\/v2\/pages"}],"about":[{"href":"https:\/\/www.albergodimurlo.com\/fr\/wp-json\/wp\/v2\/types\/page"}],"author":[{"embeddable":true,"href":"https:\/\/www.albergodimurlo.com\/fr\/wp-json\/wp\/v2\/users\/1"}],"replies":[{"embeddable":true,"href":"https:\/\/www.albergodimurlo.com\/fr\/wp-json\/wp\/v2\/comments?post=1333"}],"version-history":[{"count":4,"href":"https:\/\/www.albergodimurlo.com\/fr\/wp-json\/wp\/v2\/pages\/1333\/revisions"}],"predecessor-version":[{"id":1340,"href":"https:\/\/www.albergodimurlo.com\/fr\/wp-json\/wp\/v2\/pages\/1333\/revisions\/1340"}],"wp:attachment":[{"href":"https:\/\/www.albergodimurlo.com\/fr\/wp-json\/wp\/v2\/media?parent=1333"}],"curies":[{"name":"wp","href":"https:\/\/api.w.org\/{rel}","templated":true}]}}