{"id":1311,"date":"2016-02-13T15:40:38","date_gmt":"2016-02-13T15:40:38","guid":{"rendered":"http:\/\/albergo.dwelf.it\/fr\/?page_id=1311"},"modified":"2025-07-31T15:47:13","modified_gmt":"2025-07-31T15:47:13","slug":"ou-nous-sommes","status":"publish","type":"page","link":"https:\/\/www.albergodimurlo.com\/fr\/ou-nous-sommes\/","title":{"rendered":"O\u00f9 nous sommes"},"content":{"rendered":"<p>[vc_row][vc_column][vc_column_text]<\/p>\n<h3>Carte<\/h3>\n<p><iframe loading=\"lazy\" style=\"border: 1px solid black;\" src=\"https:\/\/www.openstreetmap.org\/export\/embed.html?bbox=11.388699710369112%2C43.16939518013243%2C11.392851769924166%2C43.171310296052695&amp;layer=mapnik\" width=\"100%\" height=\"500\"><\/iframe><br \/>\n<small><a href=\"https:\/\/www.openstreetmap.org\/?#map=19\/43.170353\/11.390776\" target=\"_blank\">Cliquer pour agrandir la carte<\/a><\/small><br \/>\n<a href=\"http:\/\/maps.google.it\/maps?f=q&amp;source=embed&amp;hl=it&amp;geocode=&amp;q=Albergo+di+Murlo+-+Via+Martiri+di+Rigosecco,+1+Vescovado+di+Murlo+(Siena)&amp;aq=&amp;sll=43.162368,11.373253&amp;sspn=0.089152,0.154324&amp;ie=UTF8&amp;hq=Albergo+di+Murlo+-+Via+Martiri+di+Rigosecco,+1+Vescovado&amp;hnear=Murlo+Siena,+Toscana&amp;cid=11788373001101105399&amp;ll=43.213183,11.386299&amp;spn=0.112598,0.281868&amp;z=12&amp;iwloc=A\" target=\"_blank\" rel=\"noopener\">Voir sur Google Maps<\/a><\/p>\n<h3>Comment nous rejoindre de Firenze, Arezzo, Roma<\/h3>\n<p class=\"testo\">Si vous arrivez de la part de Firenze (Florence), Arezzo, Roma, atteignez la S.S. 2 Cassia et parcourez-lajusqu&rsquo;\u00e0 la bifurcation indiqu\u00e9e sur la carte, dans 10\/15 minutes \u00e0 peu pr\u00e8s vous atteindrez l&rsquo;Albergo di Murlo, \u00e0 Vescovado di Murlo (Sienne).<\/p>\n<h3>Comment nous rejoindre de Grosseto<\/h3>\n<p class=\"testo\">Si vous arrivez de la part de Grosseto parcourez-lajusqu&rsquo;\u00e0 la bifurcation indiqu\u00e9e sur la carte, dans 10\/15 minutes \u00e0 peu pr\u00e8s vous atteindrez l&rsquo;Albergo di Murlo, \u00e0 Vescovado di Murlo (Sienne).<\/p>\n<p>[\/vc_column_text][\/vc_column][\/vc_row]<\/p>\n","protected":false},"excerpt":{"rendered":"<p>[vc_row][vc_column][vc_column_text] Carte Cliquer pour agrandir la carte Voir sur Google Maps Comment nous rejoindre de Firenze, Arezzo, Roma Si vous [&hellip;]<\/p>\n","protected":false},"author":1,"featured_media":0,"parent":0,"menu_order":0,"comment_status":"closed","ping_status":"closed","template":"","meta":{"footnotes":""},"class_list":["post-1311","page","type-page","status-publish","hentry"],"_links":{"self":[{"href":"https:\/\/www.albergodimurlo.com\/fr\/wp-json\/wp\/v2\/pages\/1311","targetHints":{"allow":["GET"]}}],"collection":[{"href":"https:\/\/www.albergodimurlo.com\/fr\/wp-json\/wp\/v2\/pages"}],"about":[{"href":"https:\/\/www.albergodimurlo.com\/fr\/wp-json\/wp\/v2\/types\/page"}],"author":[{"embeddable":true,"href":"https:\/\/www.albergodimurlo.com\/fr\/wp-json\/wp\/v2\/users\/1"}],"replies":[{"embeddable":true,"href":"https:\/\/www.albergodimurlo.com\/fr\/wp-json\/wp\/v2\/comments?post=1311"}],"version-history":[{"count":6,"href":"https:\/\/www.albergodimurlo.com\/fr\/wp-json\/wp\/v2\/pages\/1311\/revisions"}],"predecessor-version":[{"id":1361,"href":"https:\/\/www.albergodimurlo.com\/fr\/wp-json\/wp\/v2\/pages\/1311\/revisions\/1361"}],"wp:attachment":[{"href":"https:\/\/www.albergodimurlo.com\/fr\/wp-json\/wp\/v2\/media?parent=1311"}],"curies":[{"name":"wp","href":"https:\/\/api.w.org\/{rel}","templated":true}]}}