{"id":13,"date":"2014-09-14T09:19:49","date_gmt":"2014-09-14T09:19:49","guid":{"rendered":"http:\/\/localhost\/final-leisure\/?page_id=13"},"modified":"2025-07-31T14:39:08","modified_gmt":"2025-07-31T14:39:08","slug":"camere","status":"publish","type":"page","link":"https:\/\/www.albergodimurlo.com\/fr\/camere\/","title":{"rendered":"Chambres"},"content":{"rendered":"<p>[vc_row][vc_column width=\u00a0\u00bb1\/2&Prime;][vc_single_image image=\u00a0\u00bb1161&Prime; img_size=\u00a0\u00bblarge\u00a0\u00bb][\/vc_column][vc_column width=\u00a0\u00bb1\/2&Prime;][vc_column_text]<\/p>\n<div id=\"content\">\n<div id=\"content\">\n<p class=\"testo\">L\u2019H\u00f4tel <strong>Albergo di Murlo<\/strong> dispose de 24 chambres dans l\u2019H\u00f4tel (avec air conditionn\u00e9) et 20 chambres dans la d\u00e9pendance (pas de climatisation), toutes \u00e9quip\u00e9es de TV, t\u00e9l\u00e9phone direct, salle de bains priv\u00e9e avec douche (s\u00e8che-cheveux sur demande), grand parking priv\u00e9 \u00e0 disposition des clients de l\u2019H\u00f4tel et du restaurant.<\/p>\n<\/div>\n<\/div>\n<p>[\/vc_column_text]<div class='services-carousel  owl-with-navigation' data-owl-items='3' data-owl-nav='false' data-owl-nav-text='[]' data-owl-loop='true' data-owl-autoplay='false' data-owl-speed='0' data-owl-hover='true' data-owl-mobile='1' data-owl-tablet='2' data-owl-dots='true'><div class='item'><a href=\"\" class=\"link-image\" title=\"Chambres\"><img loading=\"lazy\" decoding=\"async\" width=\"750\" height=\"500\" src=\"https:\/\/www.albergodimurlo.com\/fr\/wp-content\/uploads\/sites\/10\/2016\/01\/99A6714-1024x683.jpg\" class=\"attachment-large size-large\" alt=\"\" srcset=\"https:\/\/www.albergodimurlo.com\/fr\/wp-content\/uploads\/sites\/10\/2016\/01\/99A6714-1024x683.jpg 1024w, https:\/\/www.albergodimurlo.com\/fr\/wp-content\/uploads\/sites\/10\/2016\/01\/99A6714-300x200.jpg 300w, https:\/\/www.albergodimurlo.com\/fr\/wp-content\/uploads\/sites\/10\/2016\/01\/99A6714-768x512.jpg 768w\" sizes=\"auto, (max-width: 750px) 100vw, 750px\" \/><\/a><div class=\"item-content\"><h4><a href=\"\">Chambres<\/a><\/h4><p>44 chambres avec salle de bains (douche ou baignoire)<\/p><\/div><\/div><div class='item'><a href=\"\" class=\"link-image\" title=\"Confort\"><img loading=\"lazy\" decoding=\"async\" width=\"750\" height=\"500\" src=\"https:\/\/www.albergodimurlo.com\/fr\/wp-content\/uploads\/sites\/10\/2016\/01\/99A6709-1024x683.jpg\" class=\"attachment-large size-large\" alt=\"\" srcset=\"https:\/\/www.albergodimurlo.com\/fr\/wp-content\/uploads\/sites\/10\/2016\/01\/99A6709-1024x683.jpg 1024w, https:\/\/www.albergodimurlo.com\/fr\/wp-content\/uploads\/sites\/10\/2016\/01\/99A6709-300x200.jpg 300w, https:\/\/www.albergodimurlo.com\/fr\/wp-content\/uploads\/sites\/10\/2016\/01\/99A6709-768x512.jpg 768w\" sizes=\"auto, (max-width: 750px) 100vw, 750px\" \/><\/a><div class=\"item-content\"><h4><a href=\"\">Confort<\/a><\/h4><p>Climatisation, t\u00e9l\u00e9vision et t\u00e9l\u00e9phone<\/p><\/div><\/div><div class='item'><a href=\"\" class=\"link-image\" title=\"Campagne\"><img loading=\"lazy\" decoding=\"async\" width=\"579\" height=\"386\" src=\"https:\/\/www.albergodimurlo.com\/fr\/wp-content\/uploads\/sites\/10\/2014\/09\/vista-terrazza-1.jpg\" class=\"attachment-large size-large\" alt=\"\" srcset=\"https:\/\/www.albergodimurlo.com\/fr\/wp-content\/uploads\/sites\/10\/2014\/09\/vista-terrazza-1.jpg 579w, https:\/\/www.albergodimurlo.com\/fr\/wp-content\/uploads\/sites\/10\/2014\/09\/vista-terrazza-1-300x200.jpg 300w\" sizes=\"auto, (max-width: 579px) 100vw, 579px\" \/><\/a><div class=\"item-content\"><h4><a href=\"\">Campagne<\/a><\/h4><p>Vue panoramique sur les collines toscanes<\/p><\/div><\/div><\/div>[\/vc_column][\/vc_row]<\/p>\n","protected":false},"excerpt":{"rendered":"<p>[vc_row][vc_column width=\u00a0\u00bb1\/2&Prime;][vc_single_image image=\u00a0\u00bb1161&Prime; img_size=\u00a0\u00bblarge\u00a0\u00bb][\/vc_column][vc_column width=\u00a0\u00bb1\/2&Prime;][vc_column_text] L\u2019H\u00f4tel Albergo di Murlo dispose de 24 chambres dans l\u2019H\u00f4tel (avec air conditionn\u00e9) et 20 [&hellip;]<\/p>\n","protected":false},"author":2,"featured_media":0,"parent":0,"menu_order":0,"comment_status":"open","ping_status":"open","template":"page-templates\/page-fullwidth.php","meta":{"footnotes":""},"class_list":["post-13","page","type-page","status-publish","hentry"],"_links":{"self":[{"href":"https:\/\/www.albergodimurlo.com\/fr\/wp-json\/wp\/v2\/pages\/13","targetHints":{"allow":["GET"]}}],"collection":[{"href":"https:\/\/www.albergodimurlo.com\/fr\/wp-json\/wp\/v2\/pages"}],"about":[{"href":"https:\/\/www.albergodimurlo.com\/fr\/wp-json\/wp\/v2\/types\/page"}],"author":[{"embeddable":true,"href":"https:\/\/www.albergodimurlo.com\/fr\/wp-json\/wp\/v2\/users\/2"}],"replies":[{"embeddable":true,"href":"https:\/\/www.albergodimurlo.com\/fr\/wp-json\/wp\/v2\/comments?post=13"}],"version-history":[{"count":31,"href":"https:\/\/www.albergodimurlo.com\/fr\/wp-json\/wp\/v2\/pages\/13\/revisions"}],"predecessor-version":[{"id":1325,"href":"https:\/\/www.albergodimurlo.com\/fr\/wp-json\/wp\/v2\/pages\/13\/revisions\/1325"}],"wp:attachment":[{"href":"https:\/\/www.albergodimurlo.com\/fr\/wp-json\/wp\/v2\/media?parent=13"}],"curies":[{"name":"wp","href":"https:\/\/api.w.org\/{rel}","templated":true}]}}