{"id":1281,"date":"2016-01-29T10:28:56","date_gmt":"2016-01-29T10:28:56","guid":{"rendered":"http:\/\/albergo.dwelf.it\/fr\/?page_id=1281"},"modified":"2025-07-31T15:16:00","modified_gmt":"2025-07-31T15:16:00","slug":"territorio","status":"publish","type":"page","link":"https:\/\/www.albergodimurlo.com\/fr\/territorio\/","title":{"rendered":"Territoire"},"content":{"rendered":"<p>[vc_row][vc_column][vc_column_text]<\/p>\n<p class=\"testo\"><img loading=\"lazy\" decoding=\"async\" class=\"size-medium wp-image-1282 alignright\" src=\"https:\/\/www.albergodimurlo.com\/wp-content\/uploads\/sites\/10\/2016\/01\/001-1-300x199.jpg\" alt=\"001\" width=\"300\" height=\"199\" \/>Murlo est un \u00a0\u00bb village-ch\u00e2teau\u00a0\u00bb m\u00e9dievale est situ\u00e9 dans la province de Sienne et \u00e9tait le principal centre du Fief des \u00e9v\u00eaques de cette r\u00e9gion. Le village est au centre d\u2019un territoire vaste et naturel o\u00f9 se trouve plusieurs ch\u00e2teaux, fermes, \u00e9glises et zones arch\u00e9ologiques reconnues.<br \/>\nLe Ch\u00e2teau de Murlo est perch\u00e9 sur une colline isol\u00e9e qui donne sur la vall\u00e9e du fleuve cr\u00e9vole, couverte de bois \u00e9pais. Il a \u00e9t\u00e9 construit au 12\u00e8me et ses remparts sont surplomb\u00e9s de petites maisons qui entourent le Palais de l\u2019\u00c9v\u00eaque , les prisons et la cath\u00e9drale. De plus, ses batiments sont tous intereli\u00e9s de l\u2019interne par de nombreux corridors.<br \/>\n\u00c0 quelques kilom\u00e8tres de Murlo, des ruines d\u2019anciennes installations \u00e9trusques ont r\u00e9cemment \u00e9t\u00e9 d\u00e9couvertes. Dans le mus\u00e9 arch\u00e9ologique de Murlo \u00ab\u00a0antiquarium di Poggio Civitate\u00a0\u00bb qui \u00e9tait autrefois le Palace de l&rsquo;\u00e9v\u00eaque, les visiteurs peuvent admirer les trouvailles importantes, notamment la fameuse statue-acrot\u00e8re dite \u00ab \u00e0 chapeau de cow-boy \u00bb qui est particuli\u00e8rement remarquable.<br \/>\nLa commune de Murlo est une terre de fronti\u00e8re entre la for\u00eat sauvage et intacte du Val di Merse et les douces collines toscanes parsem\u00e9es de vignes de Sangiovese. Elle occupe une position magnifique, s\u2019ouvrant sur la vall\u00e9e de l\u2019Ombrone et le col de Montalcino.<br \/>\nLa r\u00e9gion est parsem\u00e9e de zones termales d\u2019ou surgit une eau sulfureuse et chaude. Les visiteurs peuvent profiter de ces eaux gratuitement dans les sources naturelles ou bien pour une somme modique dans les \u00e9tablissements am\u00e9nag\u00e9s \u00e0 cet effet.<\/p>\n<p class=\"testo\"><img loading=\"lazy\" decoding=\"async\" class=\"size-medium wp-image-1283 alignleft\" src=\"https:\/\/www.albergodimurlo.com\/wp-content\/uploads\/sites\/10\/2016\/01\/002-1-300x199.jpg\" alt=\"002\" width=\"300\" height=\"199\" \/>\u00a0Le Ch\u00e2teau de Murlo est perch\u00e9 sur une colline isol\u00e9e qui donne sur la vall\u00e9e du fleuve cr\u00e9vole, couverte de bois \u00e9pais. Il a \u00e9t\u00e9 construit au 12\u00e8me et ses remparts sont surplomb\u00e9s de petites maisons qui entourent le Palais de l\u2019\u00c9v\u00eaque , les prisons et la cath\u00e9drale. De plus, ses batiments sont tous intereli\u00e9s de l\u2019interne par de nombreux corridors.<br \/>\n\u00c0 quelques kilom\u00e8tres de Murlo, des ruines d\u2019anciennes installations \u00e9trusques ont r\u00e9cemment \u00e9t\u00e9 d\u00e9couvertes. Dans le mus\u00e9 arch\u00e9ologique de Murlo \u00ab\u00a0antiquarium di Poggio Civitate\u00a0\u00bb qui \u00e9tait autrefois le Palace de l&rsquo;\u00e9v\u00eaque, les visiteurs peuvent admirer les trouvailles importantes, notamment la fameuse statue-acrot\u00e8re dite \u00ab \u00e0 chapeau de cow-boy \u00bb qui est particuli\u00e8rement remarquable.<br \/>\nLa commune de Murlo est une terre de fronti\u00e8re entre la for\u00eat sauvage et intacte du Val di Merse et les douces collines toscanes parsem\u00e9es de vignes de Sangiovese. Elle occupe une position magnifique, s\u2019ouvrant sur la vall\u00e9e de l\u2019Ombrone et le col de Montalcino.<\/p>\n<p class=\"testo\">La r\u00e9gion est parsem\u00e9e de zones termales d\u2019ou surgit une eau sulfureuse et chaude. Les visiteurs peuvent profiter de ces eaux gratuitement dans les sources naturelles ou bien pour une somme modique dans les \u00e9tablissements am\u00e9nag\u00e9s \u00e0 cet effet.<\/p>\n<p>[\/vc_column_text][\/vc_column][\/vc_row]<\/p>\n","protected":false},"excerpt":{"rendered":"<p>[vc_row][vc_column][vc_column_text] Murlo est un \u00a0\u00bb village-ch\u00e2teau\u00a0\u00bb m\u00e9dievale est situ\u00e9 dans la province de Sienne et \u00e9tait le principal centre du [&hellip;]<\/p>\n","protected":false},"author":1,"featured_media":0,"parent":0,"menu_order":0,"comment_status":"closed","ping_status":"closed","template":"","meta":{"footnotes":""},"class_list":["post-1281","page","type-page","status-publish","hentry"],"_links":{"self":[{"href":"https:\/\/www.albergodimurlo.com\/fr\/wp-json\/wp\/v2\/pages\/1281","targetHints":{"allow":["GET"]}}],"collection":[{"href":"https:\/\/www.albergodimurlo.com\/fr\/wp-json\/wp\/v2\/pages"}],"about":[{"href":"https:\/\/www.albergodimurlo.com\/fr\/wp-json\/wp\/v2\/types\/page"}],"author":[{"embeddable":true,"href":"https:\/\/www.albergodimurlo.com\/fr\/wp-json\/wp\/v2\/users\/1"}],"replies":[{"embeddable":true,"href":"https:\/\/www.albergodimurlo.com\/fr\/wp-json\/wp\/v2\/comments?post=1281"}],"version-history":[{"count":3,"href":"https:\/\/www.albergodimurlo.com\/fr\/wp-json\/wp\/v2\/pages\/1281\/revisions"}],"predecessor-version":[{"id":1356,"href":"https:\/\/www.albergodimurlo.com\/fr\/wp-json\/wp\/v2\/pages\/1281\/revisions\/1356"}],"wp:attachment":[{"href":"https:\/\/www.albergodimurlo.com\/fr\/wp-json\/wp\/v2\/media?parent=1281"}],"curies":[{"name":"wp","href":"https:\/\/api.w.org\/{rel}","templated":true}]}}