{"id":1253,"date":"2016-01-27T07:58:57","date_gmt":"2016-01-27T07:58:57","guid":{"rendered":"http:\/\/albergo.dwelf.it\/fr\/?page_id=1253"},"modified":"2025-07-31T15:02:51","modified_gmt":"2025-07-31T15:02:51","slug":"percorsi-bicicletta-toscana-siena","status":"publish","type":"page","link":"https:\/\/www.albergodimurlo.com\/fr\/percorsi-bicicletta-toscana-siena\/","title":{"rendered":"Parcours \u00e0 bicyclette"},"content":{"rendered":"<p>[vc_row][vc_column][vc_column_text]<\/p>\n<h3>Parcours \u00e0 bicyclette\/trekking<\/h3>\n<p class=\"testo\">La commune de Murlo o\u00f9 se trouve notre h\u00f4tel est situ\u00e9e sur un territoire id\u00e9al pour le v\u00e9lo de route ou de montagne. Les routes municipales et provinciales sont peu achaland\u00e9es par les voitures ce qui les rend plus s\u00e9curitaires. Plusieurs parcours et sentiers dont la plus part sont balis\u00e9s vous m\u00e8neront aux travers les f\u00f4rets, vall\u00e9es et dunes. De plus, nous nous trouvons ditectement sur l\u2019h\u00e9ro\u00efque, un prestigieux parcours de course \u00e0 v\u00e9lo qui est un circuit faisant parti des classiques.<br \/>\nLa carte d\u00e9taill\u00e9e des parcours est disponible \u00e0 l\u2019h\u00f4tel. Nous disposons aussi d\u2019un grand garage o\u00f9 il est possible de ranger vos bicylcettes sans frais suppl\u00e9mentaires.<\/p>\n<h3>Trekking<\/h3>\n<p class=\"testo\">Nous nous trouvons \u00e0 un point strat\u00e9gique pour la randonn\u00e9e ou pour tout simplement se ballader dans la belle capagne du Val di Merse, de Sienne ou des Crete Senesi. De nombreux sentiers pour la randonn\u00e9e ou pour la bibyclette parcourent le territoire de Murlo et vous m\u00e8neront \u00e0 des panoramas \u00e0 couper le souffle. Vous pouvez aussi utiliser notre garage pour ranger votre bicyclette gratuitement.<\/p>\n<p>[\/vc_column_text][\/vc_column][\/vc_row]<\/p>\n","protected":false},"excerpt":{"rendered":"<p>[vc_row][vc_column][vc_column_text] Parcours \u00e0 bicyclette\/trekking La commune de Murlo o\u00f9 se trouve notre h\u00f4tel est situ\u00e9e sur un territoire id\u00e9al pour [&hellip;]<\/p>\n","protected":false},"author":1,"featured_media":0,"parent":0,"menu_order":0,"comment_status":"closed","ping_status":"closed","template":"","meta":{"footnotes":""},"class_list":["post-1253","page","type-page","status-publish","hentry"],"_links":{"self":[{"href":"https:\/\/www.albergodimurlo.com\/fr\/wp-json\/wp\/v2\/pages\/1253","targetHints":{"allow":["GET"]}}],"collection":[{"href":"https:\/\/www.albergodimurlo.com\/fr\/wp-json\/wp\/v2\/pages"}],"about":[{"href":"https:\/\/www.albergodimurlo.com\/fr\/wp-json\/wp\/v2\/types\/page"}],"author":[{"embeddable":true,"href":"https:\/\/www.albergodimurlo.com\/fr\/wp-json\/wp\/v2\/users\/1"}],"replies":[{"embeddable":true,"href":"https:\/\/www.albergodimurlo.com\/fr\/wp-json\/wp\/v2\/comments?post=1253"}],"version-history":[{"count":2,"href":"https:\/\/www.albergodimurlo.com\/fr\/wp-json\/wp\/v2\/pages\/1253\/revisions"}],"predecessor-version":[{"id":1329,"href":"https:\/\/www.albergodimurlo.com\/fr\/wp-json\/wp\/v2\/pages\/1253\/revisions\/1329"}],"wp:attachment":[{"href":"https:\/\/www.albergodimurlo.com\/fr\/wp-json\/wp\/v2\/media?parent=1253"}],"curies":[{"name":"wp","href":"https:\/\/api.w.org\/{rel}","templated":true}]}}