{"id":11,"date":"2014-09-14T09:19:10","date_gmt":"2014-09-14T09:19:10","guid":{"rendered":"http:\/\/localhost\/final-leisure\/?page_id=11"},"modified":"2025-07-31T14:36:55","modified_gmt":"2025-07-31T14:36:55","slug":"hotel","status":"publish","type":"page","link":"https:\/\/www.albergodimurlo.com\/fr\/hotel\/","title":{"rendered":"Hotel"},"content":{"rendered":"<p>[vc_row][vc_column width=\u00a0\u00bb1\/2&Prime;][vc_column_text]<\/p>\n<p class=\"testo\">L\u2019h\u00f4tel Albergo di Murlo occupe une <strong>position tranquille et panoramique<\/strong> au centre de la <strong>Province de Siena (Sienne)<\/strong>, au c\u0153ur d\u2019une colonie \u00e9trusque, dans un territoire riche de beaut\u00e9s naturelles, historiques et artistiques qui sont fruit de mill\u00e9naire culture.<\/p>\n<p>La Famille Rubegni vous donne le bienvenu et elle vous offre disponibilit\u00e9 et cordialit\u00e9, un service pr\u00eat et soign\u00e9.<br \/>\nLes pi\u00e8ces offrent \u00e0 nos visiteurs tout le dynamisme, l\u2019accueil et le confort que seulement une <strong>gestion familiale<\/strong> peut offrir.<\/p>\n<p class=\"testo\">L\u2019h\u00f4tel est dot\u00e9 d&rsquo;un grand salle de s\u00e9jour-bar, o\u00f9 on peut siroter un drink apr\u00e8s avoir bien nag\u00e9 dans la piscine, une grande salle \u00e0 manger, o\u00f9 on peut go\u00fbter les sp\u00e9cialit\u00e9s de la maison, et chambres \u00e9quip\u00e9es de services priv\u00e9s, t\u00e9l\u00e9phone et t\u00e9l\u00e9vision. <strong>WIFI gratuit<\/strong>.<br \/>\nNotre <strong>cuisine est typique toscane<\/strong> et elle est soign\u00e9e directement par les propri\u00e9taires.<br \/>\nL\u2019h\u00f4tel dispose aussi d\u2019une grande <strong>piscine<\/strong> (25&#215;12,5 m), avec vestiaire et salles de bains \u00e0 l\u2019ext\u00e9rieur, un <strong>terrain de tennis<\/strong> et grand parking priv\u00e9, dot\u00e9 aussi d\u2019un <strong>garage int\u00e9rieur gratuit<\/strong> pour voitures, motos et v\u00e9los.<\/p>\n<p>[\/vc_column_text][\/vc_column][vc_column width=\u00a0\u00bb1\/2&Prime;][vc_gallery images=\u00a0\u00bb1162,1161,1163,1132&Prime; img_size=\u00a0\u00bbmedium\u00a0\u00bb columns=\u00a0\u00bb2&Prime; masonry=\u00a0\u00bbfitRows\u00a0\u00bb][\/vc_column][\/vc_row]<\/p>\n","protected":false},"excerpt":{"rendered":"<p>[vc_row][vc_column width=\u00a0\u00bb1\/2&Prime;][vc_column_text] L\u2019h\u00f4tel Albergo di Murlo occupe une position tranquille et panoramique au centre de la Province de Siena (Sienne), [&hellip;]<\/p>\n","protected":false},"author":2,"featured_media":0,"parent":0,"menu_order":0,"comment_status":"open","ping_status":"open","template":"page-templates\/page-fullwidth.php","meta":{"footnotes":""},"class_list":["post-11","page","type-page","status-publish","hentry"],"_links":{"self":[{"href":"https:\/\/www.albergodimurlo.com\/fr\/wp-json\/wp\/v2\/pages\/11","targetHints":{"allow":["GET"]}}],"collection":[{"href":"https:\/\/www.albergodimurlo.com\/fr\/wp-json\/wp\/v2\/pages"}],"about":[{"href":"https:\/\/www.albergodimurlo.com\/fr\/wp-json\/wp\/v2\/types\/page"}],"author":[{"embeddable":true,"href":"https:\/\/www.albergodimurlo.com\/fr\/wp-json\/wp\/v2\/users\/2"}],"replies":[{"embeddable":true,"href":"https:\/\/www.albergodimurlo.com\/fr\/wp-json\/wp\/v2\/comments?post=11"}],"version-history":[{"count":5,"href":"https:\/\/www.albergodimurlo.com\/fr\/wp-json\/wp\/v2\/pages\/11\/revisions"}],"predecessor-version":[{"id":1326,"href":"https:\/\/www.albergodimurlo.com\/fr\/wp-json\/wp\/v2\/pages\/11\/revisions\/1326"}],"wp:attachment":[{"href":"https:\/\/www.albergodimurlo.com\/fr\/wp-json\/wp\/v2\/media?parent=11"}],"curies":[{"name":"wp","href":"https:\/\/api.w.org\/{rel}","templated":true}]}}