{"id":1336,"date":"2016-02-29T09:57:26","date_gmt":"2016-02-29T09:57:26","guid":{"rendered":"http:\/\/albergo.dwelf.it\/de\/?page_id=1336"},"modified":"2016-02-29T10:41:55","modified_gmt":"2016-02-29T10:41:55","slug":"home","status":"publish","type":"page","link":"https:\/\/www.albergodimurlo.com\/de\/","title":{"rendered":"Home"},"content":{"rendered":"<p>[vc_row][vc_column width=&#8220;2\/3&#8243; offset=&#8220;vc_col-sm-offset-2&#8243;][vc_column_text]<\/p>\n<h1 style=\"text-align: center;\"><small>Die Rubegni Familie begr\u00fc\u00dft Sie zum<\/small>L&#8217;ALBERGO DI MURLO<\/h1>\n<h2 style=\"text-align: center;\">Unser <a href=\"http:\/\/albergo.dwelf.it\/de\/hotel\/\">Hotel <\/a>liegt im <a href=\"http:\/\/albergo.dwelf.it\/de\/territorio\/\">Herzen der Toskana<\/a> empf\u00e4ngt Sie mit <a href=\"http:\/\/albergo.dwelf.it\/de\/ristorante\/\">traditioneller K\u00fcche<\/a>, Panoramablick und Pool, nur wenige Kilometer von <a href=\"http:\/\/albergo.dwelf.it\/de\/dintorni\/\">vielen Zielen<\/a> und <a href=\"http:\/\/albergo.dwelf.it\/de\/attivita\/\">Aktivit\u00e4ten<\/a> in der Provinz Siena.<\/h2>\n<p style=\"text-align: center;\">F\u00fcr diejenigen, die eine qualitativ hochwertige Unterkunft in einem malerischen Ort suchen, Murlo, eine nat\u00fcrliche Oase zwischen dem Val d&#8216; Orcia und Val di Merse, ist eine gute Wahl f\u00fcr einen Urlaub oder einen ruhigen, die auf der Stra\u00dfe. Albergo di Murlo bietet Zimmer mit allen Annehmlichkeiten: Bad, Internet, TV und Telefon; zusammen mit dem Komfort eines Restaurant, eine Bar und einen Swimmingpool.<\/p>\n<p>[\/vc_column_text][vc_gallery images=&#8220;1179,1307,1161,1193,1163,1160,1260,1259,1265,1170&#8243; columns=&#8220;5&#8243;][\/vc_column][\/vc_row]<\/p>\n","protected":false},"excerpt":{"rendered":"<p>[vc_row][vc_column width=&#8220;2\/3&#8243; offset=&#8220;vc_col-sm-offset-2&#8243;][vc_column_text] Die Rubegni Familie begr\u00fc\u00dft Sie zumL&#8217;ALBERGO DI MURLO Unser Hotel liegt im Herzen der Toskana empf\u00e4ngt Sie [&hellip;]<\/p>\n","protected":false},"author":1,"featured_media":0,"parent":0,"menu_order":0,"comment_status":"closed","ping_status":"closed","template":"page-templates\/page-fullwidth.php","meta":{"footnotes":""},"class_list":["post-1336","page","type-page","status-publish","hentry"],"_links":{"self":[{"href":"https:\/\/www.albergodimurlo.com\/de\/wp-json\/wp\/v2\/pages\/1336","targetHints":{"allow":["GET"]}}],"collection":[{"href":"https:\/\/www.albergodimurlo.com\/de\/wp-json\/wp\/v2\/pages"}],"about":[{"href":"https:\/\/www.albergodimurlo.com\/de\/wp-json\/wp\/v2\/types\/page"}],"author":[{"embeddable":true,"href":"https:\/\/www.albergodimurlo.com\/de\/wp-json\/wp\/v2\/users\/1"}],"replies":[{"embeddable":true,"href":"https:\/\/www.albergodimurlo.com\/de\/wp-json\/wp\/v2\/comments?post=1336"}],"version-history":[{"count":5,"href":"https:\/\/www.albergodimurlo.com\/de\/wp-json\/wp\/v2\/pages\/1336\/revisions"}],"predecessor-version":[{"id":1342,"href":"https:\/\/www.albergodimurlo.com\/de\/wp-json\/wp\/v2\/pages\/1336\/revisions\/1342"}],"wp:attachment":[{"href":"https:\/\/www.albergodimurlo.com\/de\/wp-json\/wp\/v2\/media?parent=1336"}],"curies":[{"name":"wp","href":"https:\/\/api.w.org\/{rel}","templated":true}]}}