{"id":13,"date":"2014-09-14T09:19:49","date_gmt":"2014-09-14T09:19:49","guid":{"rendered":"http:\/\/localhost\/final-leisure\/?page_id=13"},"modified":"2025-07-31T14:39:00","modified_gmt":"2025-07-31T14:39:00","slug":"camere","status":"publish","type":"page","link":"https:\/\/www.albergodimurlo.com\/de\/camere\/","title":{"rendered":"Zimmer"},"content":{"rendered":"<p>[vc_row][vc_column width=&#8220;1\/2&#8243;][vc_single_image image=&#8220;1161&#8243; img_size=&#8220;large&#8220;][\/vc_column][vc_column width=&#8220;1\/2&#8243;][vc_column_text]<\/p>\n<div id=\"content\">\n<p class=\"testo\">Das Hotel <strong>Albergo\u00a0di Murlo<\/strong> verf\u00fcgt \u00fcber 24 Zimmer im Haupthaus (mit Klimaanlage) und \u00fcber 20 Zimmer in der Dependance (keine Klimaanlage) die alle mit TV, direkten Telefon, Badezimmer mit Dusche (Haarf\u00f6hn auf Anfrage) ausgestattet sind und \u00fcber einen gro\u00dfen unbewachten Privatparkplatz (auch f\u00fcr Busse geeignet) und ebenso einer geschlossenen Garage die nur f\u00fcr Hotel- und Restaurantg\u00e4ste sind.<\/p>\n<\/div>\n<p>[\/vc_column_text]<div class='services-carousel  owl-with-navigation' data-owl-items='3' data-owl-nav='false' data-owl-nav-text='[]' data-owl-loop='true' data-owl-autoplay='false' data-owl-speed='0' data-owl-hover='true' data-owl-mobile='1' data-owl-tablet='2' data-owl-dots='true'><div class='item'><a href=\"\" class=\"link-image\" title=\"Zimmer\"><img loading=\"lazy\" decoding=\"async\" width=\"750\" height=\"500\" src=\"https:\/\/www.albergodimurlo.com\/de\/wp-content\/uploads\/sites\/9\/2016\/01\/99A6714-1024x683.jpg\" class=\"attachment-large size-large\" alt=\"\" srcset=\"https:\/\/www.albergodimurlo.com\/de\/wp-content\/uploads\/sites\/9\/2016\/01\/99A6714-1024x683.jpg 1024w, https:\/\/www.albergodimurlo.com\/de\/wp-content\/uploads\/sites\/9\/2016\/01\/99A6714-300x200.jpg 300w, https:\/\/www.albergodimurlo.com\/de\/wp-content\/uploads\/sites\/9\/2016\/01\/99A6714-768x512.jpg 768w\" sizes=\"auto, (max-width: 750px) 100vw, 750px\" \/><\/a><div class=\"item-content\"><h4><a href=\"\">Zimmer<\/a><\/h4><p>44 Zimmer, mit Bad (Dusche oder Badewanne) <\/p><\/div><\/div><div class='item'><a href=\"\" class=\"link-image\" title=\"Komfort\"><img loading=\"lazy\" decoding=\"async\" width=\"750\" height=\"500\" src=\"https:\/\/www.albergodimurlo.com\/de\/wp-content\/uploads\/sites\/9\/2016\/01\/99A6709-1024x683.jpg\" class=\"attachment-large size-large\" alt=\"\" srcset=\"https:\/\/www.albergodimurlo.com\/de\/wp-content\/uploads\/sites\/9\/2016\/01\/99A6709-1024x683.jpg 1024w, https:\/\/www.albergodimurlo.com\/de\/wp-content\/uploads\/sites\/9\/2016\/01\/99A6709-300x200.jpg 300w, https:\/\/www.albergodimurlo.com\/de\/wp-content\/uploads\/sites\/9\/2016\/01\/99A6709-768x512.jpg 768w\" sizes=\"auto, (max-width: 750px) 100vw, 750px\" \/><\/a><div class=\"item-content\"><h4><a href=\"\">Komfort<\/a><\/h4><p>Klimaanlage, TV und Telefon<\/p><\/div><\/div><div class='item'><a href=\"\" class=\"link-image\" title=\"Landschaft\"><img loading=\"lazy\" decoding=\"async\" width=\"579\" height=\"386\" src=\"https:\/\/www.albergodimurlo.com\/de\/wp-content\/uploads\/sites\/9\/2014\/09\/vista-terrazza-1.jpg\" class=\"attachment-large size-large\" alt=\"\" srcset=\"https:\/\/www.albergodimurlo.com\/de\/wp-content\/uploads\/sites\/9\/2014\/09\/vista-terrazza-1.jpg 579w, https:\/\/www.albergodimurlo.com\/de\/wp-content\/uploads\/sites\/9\/2014\/09\/vista-terrazza-1-300x200.jpg 300w\" sizes=\"auto, (max-width: 579px) 100vw, 579px\" \/><\/a><div class=\"item-content\"><h4><a href=\"\">Landschaft<\/a><\/h4><p>Panoramablick auf die H\u00fcgel der Toskana<\/p><\/div><\/div><\/div>[\/vc_column][\/vc_row]<\/p>\n","protected":false},"excerpt":{"rendered":"<p>[vc_row][vc_column width=&#8220;1\/2&#8243;][vc_single_image image=&#8220;1161&#8243; img_size=&#8220;large&#8220;][\/vc_column][vc_column width=&#8220;1\/2&#8243;][vc_column_text] Das Hotel Albergo\u00a0di Murlo verf\u00fcgt \u00fcber 24 Zimmer im Haupthaus (mit Klimaanlage) und \u00fcber 20 [&hellip;]<\/p>\n","protected":false},"author":2,"featured_media":0,"parent":0,"menu_order":0,"comment_status":"open","ping_status":"open","template":"page-templates\/page-fullwidth.php","meta":{"footnotes":""},"class_list":["post-13","page","type-page","status-publish","hentry"],"_links":{"self":[{"href":"https:\/\/www.albergodimurlo.com\/de\/wp-json\/wp\/v2\/pages\/13","targetHints":{"allow":["GET"]}}],"collection":[{"href":"https:\/\/www.albergodimurlo.com\/de\/wp-json\/wp\/v2\/pages"}],"about":[{"href":"https:\/\/www.albergodimurlo.com\/de\/wp-json\/wp\/v2\/types\/page"}],"author":[{"embeddable":true,"href":"https:\/\/www.albergodimurlo.com\/de\/wp-json\/wp\/v2\/users\/2"}],"replies":[{"embeddable":true,"href":"https:\/\/www.albergodimurlo.com\/de\/wp-json\/wp\/v2\/comments?post=13"}],"version-history":[{"count":31,"href":"https:\/\/www.albergodimurlo.com\/de\/wp-json\/wp\/v2\/pages\/13\/revisions"}],"predecessor-version":[{"id":1325,"href":"https:\/\/www.albergodimurlo.com\/de\/wp-json\/wp\/v2\/pages\/13\/revisions\/1325"}],"wp:attachment":[{"href":"https:\/\/www.albergodimurlo.com\/de\/wp-json\/wp\/v2\/media?parent=13"}],"curies":[{"name":"wp","href":"https:\/\/api.w.org\/{rel}","templated":true}]}}