{"id":1281,"date":"2016-01-29T10:28:56","date_gmt":"2016-01-29T10:28:56","guid":{"rendered":"http:\/\/albergo.dwelf.it\/de\/?page_id=1281"},"modified":"2025-07-31T15:15:24","modified_gmt":"2025-07-31T15:15:24","slug":"territorio","status":"publish","type":"page","link":"https:\/\/www.albergodimurlo.com\/de\/territorio\/","title":{"rendered":"Territorium"},"content":{"rendered":"<p>[vc_row][vc_column][vc_column_text]<\/p>\n<p class=\"testo\"><img loading=\"lazy\" decoding=\"async\" class=\"size-medium wp-image-1282 alignright\" src=\"https:\/\/www.albergodimurlo.com\/wp-content\/uploads\/sites\/9\/2016\/01\/001-1-300x199.jpg\" alt=\"001\" width=\"300\" height=\"199\" \/>Das Gebiet von Murlo ist eigenartig und verdankt sein &#8222;Anderssein&#8220; indem es seit antiken Zeiten eine Art von Anomalie war die sich bis zur Vereinigung Italiens bewahrt hat. In der N\u00e4he gibt es Spuren pr\u00e4historischer Ansiedlungen die aus dem Aurignaziano (vor 35.000 Jahren), dann aus dem Villanoviano und sp\u00e4ter aus der etruskischen Periode stammen, aus welcher die Funde zur Ausstattung des &#8222;Antiquarium&#8220; eines der wichtigsten etruskischen Museen, beitrugen.<br \/>\nIn der roemischen Zeitperiode wurde das Gebiet von Murlo ebenso weiter besiedelt und Zeichen davon gibt es in der &#8222;fornace di Vescovado&#8220; einige Meter vom Hotel entfernt und in der &#8222;Villa della Befa&#8220;.<br \/>\nAus dem Mittelalter zeugen die unz\u00e4hligen Kirchen die \u00fcber das ganze Gebiet verstreut sind und heute teilweise umgebaut sind, ebenso Einsiedeleien und Burgen, wie Montespecchio und Crevole, aber auch heute noch bewohnt sind wie Campriano, Castel di Notte und Frontignano aber auch Montepescini welches demn\u00e4chst rennoviert wird.<\/p>\n<p class=\"testo\"><img loading=\"lazy\" decoding=\"async\" class=\"size-medium wp-image-1283 alignleft\" src=\"https:\/\/www.albergodimurlo.com\/wp-content\/uploads\/sites\/9\/2016\/01\/002-1-300x199.jpg\" alt=\"002\" width=\"300\" height=\"199\" \/>\u00a0Wichtig in der Erhaltung der verbreiteten Anwesen und kleiner Ansiedlungen war der Bischof von Siena der \u00fcber 6 Jahrhunderte seine Herrschaft \u00fcber das Territorium aus\u00fcbte.<br \/>\nDas ausschlaggebende Vorkommnis f\u00fcr die Entwicklung des Gebiets von Murlo war die Entdeckung eines reichen Braunkohlevorkommen in einer abgelegenen und unzug\u00e4nglichen Gegend, ohne jegliche Verkehrsverbindungen. Die Aussicht auf Entwicklung bewog eine Gruppe von Personen zur Erbaung eines erz-und industriellen Dorfes und einer 22 km langen Eisenbahn, eine unter den ersten Italiens. Das Geschehen provozierte eine echte Revoluzion f\u00fcr die Bevoelkerung von Murlo, welche Aussicht auf andere Besch\u00e4ftigung hatte als die traditionelle Land- und Forstwirtschaft. So entwickelten sich ne\u00fc Berufe und vorallem eine andere Denkweise gegen\u00fcber der Zukunft und liess die mittelalterliche Lebensweise zur\u00fcck.<\/p>\n<p class=\"testo\">Die Realit\u00e4t von heute sieht Murlo und sein Territorium orientiert gegen eine tragbare Entwicklung bei Ber\u00fccksichtigung seiner Identit\u00e4t und den im Inneren bewahrten Werten. Der &#8222;alte&#8220; Weg der Eisenbahn ist vor nicht langer Zeit in einen Walderlehrpfad mit Rastpl\u00e4tzen umge\u00e4ndert worden.<br \/>\nZahlreiche Wanderwege gibt es verstreut \u00fcber das gesamte Territorium von Murlo welche in die wichtigsten kulturellen und naturalistischen Pl\u00e4tzen f\u00fchren und dessen Karte es beim Informationsb\u00fcro in Murlo und der Pro Loco bekommt.<\/p>\n<p>[\/vc_column_text][\/vc_column][\/vc_row]<\/p>\n","protected":false},"excerpt":{"rendered":"<p>[vc_row][vc_column][vc_column_text] Das Gebiet von Murlo ist eigenartig und verdankt sein &#8222;Anderssein&#8220; indem es seit antiken Zeiten eine Art von Anomalie [&hellip;]<\/p>\n","protected":false},"author":1,"featured_media":0,"parent":0,"menu_order":0,"comment_status":"closed","ping_status":"closed","template":"","meta":{"footnotes":""},"class_list":["post-1281","page","type-page","status-publish","hentry"],"_links":{"self":[{"href":"https:\/\/www.albergodimurlo.com\/de\/wp-json\/wp\/v2\/pages\/1281","targetHints":{"allow":["GET"]}}],"collection":[{"href":"https:\/\/www.albergodimurlo.com\/de\/wp-json\/wp\/v2\/pages"}],"about":[{"href":"https:\/\/www.albergodimurlo.com\/de\/wp-json\/wp\/v2\/types\/page"}],"author":[{"embeddable":true,"href":"https:\/\/www.albergodimurlo.com\/de\/wp-json\/wp\/v2\/users\/1"}],"replies":[{"embeddable":true,"href":"https:\/\/www.albergodimurlo.com\/de\/wp-json\/wp\/v2\/comments?post=1281"}],"version-history":[{"count":3,"href":"https:\/\/www.albergodimurlo.com\/de\/wp-json\/wp\/v2\/pages\/1281\/revisions"}],"predecessor-version":[{"id":1355,"href":"https:\/\/www.albergodimurlo.com\/de\/wp-json\/wp\/v2\/pages\/1281\/revisions\/1355"}],"wp:attachment":[{"href":"https:\/\/www.albergodimurlo.com\/de\/wp-json\/wp\/v2\/media?parent=1281"}],"curies":[{"name":"wp","href":"https:\/\/api.w.org\/{rel}","templated":true}]}}