{"id":1266,"date":"2016-01-27T10:37:44","date_gmt":"2016-01-27T10:37:44","guid":{"rendered":"http:\/\/albergo.dwelf.it\/de\/?page_id=1266"},"modified":"2016-02-20T10:29:57","modified_gmt":"2016-02-20T10:29:57","slug":"dintorni","status":"publish","type":"page","link":"https:\/\/www.albergodimurlo.com\/de\/dintorni\/","title":{"rendered":"Umgebung"},"content":{"rendered":"<p>[vc_row][vc_column][vc_column_text]<\/p>\n<h3>Siena<\/h3>\n<p class=\"testo\"><img loading=\"lazy\" decoding=\"async\" class=\"size-medium wp-image-1267 alignright\" style=\"margin-bottom: 20px;\" src=\"http:\/\/albergo.dwelf.it\/wp-content\/uploads\/sites\/9\/2016\/01\/001-300x199.jpg\" alt=\"001\" width=\"300\" height=\"199\" \/>\u00a0Siena ist eine der unglaublichsten Kunststadt von Italien, ber\u00fchmt f\u00fcr seine architektonische Sch\u00f6nheit, den Palio und der S\u00fcsswarenindustrie. Eine \u00fcberaus menschengerechte Stadt mit Fahrverbot im Zentrum, alle wichtigen Entfernungen sind in wenigen Minuten per Fu\u00df erreichbar. Ein System von Rolltreppen hat die Parkplatze dezentriert und die Besucher k\u00f6nnen das Stadtzentrum bequem erreichen. Dadurch kann Siena seinen Reiz mit seinen Gassen die sich um das Herz der Stadt schl\u00e4ngeln und der ber\u00fchmten Piazza del Campo wo der Palio stattfindet, voll erhalten. &#8222;Das Fest&#8220; ist eine einzigartige.<br \/>\nBegebenheit auf der Welt das Siena seine glorreichen Tage unter der Republik von Siena aufleben lasst, das die Glanzperiode bis zur Macht\u00fcbernahme an die Medici im Jahr 1559 darstellt. Der Palio ist keine Tourismusveranstaltung ebenso keine sportliche Veranstaltung, sondern eine Realit\u00e4t die das ganze Jahr \u00fcber gef\u00fchlt wird und deswegenSiena einzigartig sein l\u00e4sst. Unz\u00e4hlig sind die Sehensw\u00fcrdigkeiten: der Dom mit dem Museum &#8222;dell&#8216; Opera&#8220;, die Accademia Chigiana, Palazzo Pubblico und dem &#8222;Mangia&#8220; Turm, die vielen Museen die die mittelalterliche Kunst von Siena aber auch die gegenw\u00e4rtige Kunst ausstellen. Die traditionsbewussten S\u00fcssigkeiten wie der &#8222;panforte&#8220;, die &#8222;ricciarelli&#8220;, Cavallucci etc. kr\u00f6nen die Tische der ganzen Welt.<\/p>\n<h3>Val d&#8217;Orcia<\/h3>\n<p class=\"testo\"><img loading=\"lazy\" decoding=\"async\" class=\"size-medium wp-image-1268 alignleft\" style=\"margin-bottom: 20px;\" src=\"http:\/\/albergo.dwelf.it\/wp-content\/uploads\/sites\/9\/2016\/01\/002-300x199.jpg\" alt=\"002\" width=\"300\" height=\"199\" \/>\u00a0Das Val d\u2019Orcia befindet sich im Zentrum des S\u00fcden der Provinz von Siena und am Fu\u03b2e des Vulkankegels Monte Amiata . Es wird von dem Fluss Orcia in der Mitte durchqueert, der ihm auch seinen Namen gibt und welches durch seine lieblichen Landschaften und verschiedenen Zentren mittelalterlichen Ursprungs gekennzeichnet ist, das eine perfekte Mischung zwischen Kunst und Natur ergibt.<br \/>\nDie H\u00fcgel, Schluchten, die Windungen des Flusses, die Zypressen welche vereinzelt H\u00fcgel kr\u04e7nen und entlang der Stra\u03b2en stehen, machen diese Landschaft als eine der charakteristischen der Toskana.<br \/>\n\u00dcber den H\u00fcgeln, D\u04e7rfern und Sehensw\u00fcrdigkeiten wachen Eichenw\u04d3lder, Olivenhaine und Weinberge die einen der besten Weine der Welt produzieren: den Brunello von Montalcino. Im Westen begrenzt der Monte Amiata die Landschaft mit seinen 1800 Meter \u00fcber dem Meerespiegel, und ist somit der h\u04e7chste verl\u04e7schte Vulkan in Italien. Dieser Berg ist eine unglaubliche Bereicherung f\u00fcr unser Tal, im Winter bietet er uns die Chance, Ski zu fahren, im hei\u03b2en toskanischen Sommer einen Hauch frischer Luft zu genie\u03b2en<br \/>\nAber die gr\u04e7\u03b2te Ressource sind die Thermalquellen, die aus dem Herzen des Vulkans nach oben zum Licht mit Kraft flie\u03b2en und Wasserf\u04d3lle aus Kalkstein von au\u03b2ergew\u04e7hnlicher Sch\u04e7nheit schaffen und ebenso Wellness und Gesundheit seit tausenden von Jahren dem Publikum aus In- und Ausland anbieten.<\/p>\n<h3>Pienza<\/h3>\n<p class=\"testo\"><img loading=\"lazy\" decoding=\"async\" class=\"size-medium wp-image-1269 alignright\" style=\"margin-bottom: 10px;\" src=\"http:\/\/albergo.dwelf.it\/wp-content\/uploads\/sites\/9\/2016\/01\/003-300x199.jpg\" alt=\"003\" width=\"300\" height=\"199\" \/>\u00a0Dieser antike Ort ist eine der Schmuckst\u00fccke des Orciatales. Seine Geschichte ist eng mit der Familie Piccolomini verbunden, einem illustren senesischen Geschlecht und vor allem den von Enea Silvio Piccolomini der in Pienza geboren und im Jahre 1458 mit dem Namen Pio II. zum Papst erhoben wurde.<br \/>\nDie Idee des Papstes war seinen Geburtsort als &#8222;ideale Stadt&#8220; unter dem Antrieb menschlicher Utopie der Behauptung klassischer Kultur zu werden, und somit wurde Pienza in wenigen Jahren in ein architektonisches Juwel umgewandelt. In den Strassen des Zentrums kann man wundersch\u00f6ne H\u00e4user aus dem vierzehnten Jahrhundert bewundern, den Dom mit dem Dioz\u00f6sanmuseum in welchem die Werke des Sano di Pietro und dem Sodomia ausgestellt werden und den sch\u00f6nen Palast der Piccolomini der nach dem Projekt vom Bronzino und Beccafiumi erbaut ist. Au\u00dfer der unbestreitbaren architektonischen und landschaftlichen Sch\u00f6nheit in dieser Ecke der Toskana kann man auch den ber\u00fchmten Schafsk\u00e4se &#8222;Pecorino di Pienza&#8220; kosten welcher einer der ber\u00fchmtesten K\u00e4sesorten Italiens ist. Er hat antiken Ursprung und man erz\u00e4hlt sich dass die M\u00e4dchen die die Kunst der K\u00e4serei erlernten hoch angesehen waren und ihr K\u00f6nnen bei der Heirat als Mitgift angerechnet wurde.<\/p>\n<h3>Montalcino<\/h3>\n<p class=\"testo\"><img loading=\"lazy\" decoding=\"async\" class=\"size-medium wp-image-1270 alignleft\" style=\"margin-bottom: 20px;\" src=\"http:\/\/albergo.dwelf.it\/wp-content\/uploads\/sites\/9\/2016\/01\/004-300x199.jpg\" alt=\"004\" width=\"300\" height=\"199\" \/>\u00a0Gelegen auf einem sch\u04e7nen H\u00fcgel mit Blick auf das Val d\u2019Orcia und dem Val d\u2019Arbia , 564 mt \u00fcber dem Meeresspiegel kann man von der Festung aus das atemberaubende Panorama bewundern, das sich \u00fcber unz\u04d3hlige Kilometer hinausstreckt und die Augen mit den lieblichen toskanischen H\u00fcgeln erfreut.<br \/>\nMontalcino ist von mehr als dreitau\u03b2end Hektar Weinbergen umgeben , welche einen der beliebtesten und ber\u00fchmtesten Weine der Welt produzieren, den \u201cBrunello\u201d<br \/>\nMontalcino hat noch voll den Charme eines mittelalterlichen Marktes behalten. Sein Territorium der ein Teil des Natur- und Kulturerbe des Val D\u2019Orcia ist, ist mit den Anbau von Weinreben, Olivenb\u04d3umen und W\u04d3ldern bedeckt.<br \/>\nDas historische Zentrum von Montalcino ist klein und gem\u00fctlich, enge Gassen mit Handwerksl\u04d3den und Weinstuben in welchen man den \u201cBrunello\u201d und lokale Produkte probieren kann. Es sind Wappen in Keramik oder Terrakotta ausgestellt die von den verschiedenen Stadtverwaltern bezeugen und vor allem die Platten des Brunellos. Zu besichtigen ist vor allem auch das ehemalige Kloster von Sant. Augustinus, wo heute das Zivic- und Di\u04e7\u04e7zesanmuseum seinen Sitz hat, vor allem auch wegen seiner Sammlung von Gem\u04d3lden gro\u03b2er Meister. Dann ist der unvermeidliche Besuch der Festung, ein Bollwerk das von den Senesern konstruiert wurde und Theater der letzten Verteidigung gegen die kaiserlichen Truppen Karls V. Heute befindet sich im Innenhof eine Weinbar, der ideale Ort wo man s\u04d3mtliche Jahrg\u04d3nge des Brunellos verkosten kann.<br \/>\nAm letzten Sonntag im Oktober feiert Montalcino \u201cla festa del tordo\u201d bei welchem Gruppen der Ortsteile sich im Wettkampf beim Bogenschie\u03b2en bek\u04d3mpft und die gesamte Bev\u04e7lkerung<br \/>\ndaran teil nimmt.<\/p>\n<h3>Abbazia di Sant&#8217;Antimo<\/h3>\n<p class=\"testo\">Die Abtei von Sant&#8217;Antimo ist eine Klosteranlage bei Castelnuovo dell&#8216; Abate, in der Gemeinde von Moltalcino. Es handelt sich dabei um eines der wichtigsten architektonischen Bauwerke im toskanisch-romanischen Stils.<\/p>\n<h3>Crete Senesi<\/h3>\n<p class=\"testo\"><img loading=\"lazy\" decoding=\"async\" class=\"size-medium wp-image-1271 alignright\" style=\"margin-bottom: 10px;\" src=\"http:\/\/albergo.dwelf.it\/wp-content\/uploads\/sites\/9\/2016\/01\/005-300x199.jpg\" alt=\"005\" width=\"300\" height=\"199\" \/>\u00a0Im S\u00fcden von Siena und im Zentrum der Toscana befindet sich die Crete Senese, ein Gebiet das von durch die Zeit zerkl\u00fcfteten H\u00fcgeln dominiert wird, die sehr herb wirkt aber ihren unumstrittenen Reiz hat. Die Farbe Ocra die in dieser Landschaft vorherrscht und das dunkle Gr\u00fcn der Zypressen die die Ebene aus Ton umranden erscheinen bewundernswert auf den ersten Blick. Das Territorium ist \u00fcbers\u00e4at mit T\u00fcrmen, Burgen, Schl\u00f6ssern und Abteien welche in dieser &#8222;Mondwuste verschwindend erscheinen und diesen Fleck Erde unwirklich und verzaubernd wirken lassen. Asciano ist ein antiker Ort in welchem sich Werke senesischer Kultur verbergen und ebenso Kunstbauten die wenig bekannt aber trotzdem wichtig sind, wie z.B. die Basilika minore di St. Agata, die Kirche von San Francesco, das Museum der sakralen Kunst mit den Werken des Simone Martini und Sano di Pietro, den Brunnen aus dem 14. Jahrhundert in Piazza del Grano und viele andere. Asciano ist auch Kulisse f\u00fchr einen der charakteristischen M\u00e4rkten der Zone, dem &#8222;mercatino delle Crete&#8220;.<br \/>\nRapolano ist als Thermalort schon zur Zeit der R\u00f6mer bekannt, wie die Ausgrabungen bezeugen. Die Thermalquellen, dieselben aus denen der ber\u00fchmte Marmor Travertino entstand, sind heute an der Avantgarde mit seinen zwei Thermalanstalten (Antica Querciolaia und Thermen von San Giovanni). Unbedingt zu besuchen ist die gro\u00dfe Benediktinerabtei von Monte Oliveto Maggiore, mystisch und faszinierend.<\/p>\n<p>[\/vc_column_text][\/vc_column][\/vc_row]<\/p>\n","protected":false},"excerpt":{"rendered":"<p>[vc_row][vc_column][vc_column_text] Siena \u00a0Siena ist eine der unglaublichsten Kunststadt von Italien, ber\u00fchmt f\u00fcr seine architektonische Sch\u00f6nheit, den Palio und der S\u00fcsswarenindustrie. [&hellip;]<\/p>\n","protected":false},"author":1,"featured_media":0,"parent":0,"menu_order":0,"comment_status":"closed","ping_status":"closed","template":"","meta":{"footnotes":""},"class_list":["post-1266","page","type-page","status-publish","hentry"],"_links":{"self":[{"href":"https:\/\/www.albergodimurlo.com\/de\/wp-json\/wp\/v2\/pages\/1266","targetHints":{"allow":["GET"]}}],"collection":[{"href":"https:\/\/www.albergodimurlo.com\/de\/wp-json\/wp\/v2\/pages"}],"about":[{"href":"https:\/\/www.albergodimurlo.com\/de\/wp-json\/wp\/v2\/types\/page"}],"author":[{"embeddable":true,"href":"https:\/\/www.albergodimurlo.com\/de\/wp-json\/wp\/v2\/users\/1"}],"replies":[{"embeddable":true,"href":"https:\/\/www.albergodimurlo.com\/de\/wp-json\/wp\/v2\/comments?post=1266"}],"version-history":[{"count":9,"href":"https:\/\/www.albergodimurlo.com\/de\/wp-json\/wp\/v2\/pages\/1266\/revisions"}],"predecessor-version":[{"id":1331,"href":"https:\/\/www.albergodimurlo.com\/de\/wp-json\/wp\/v2\/pages\/1266\/revisions\/1331"}],"wp:attachment":[{"href":"https:\/\/www.albergodimurlo.com\/de\/wp-json\/wp\/v2\/media?parent=1266"}],"curies":[{"name":"wp","href":"https:\/\/api.w.org\/{rel}","templated":true}]}}