{"id":11,"date":"2014-09-14T09:19:10","date_gmt":"2014-09-14T09:19:10","guid":{"rendered":"http:\/\/localhost\/final-leisure\/?page_id=11"},"modified":"2025-07-31T14:36:34","modified_gmt":"2025-07-31T14:36:34","slug":"hotel","status":"publish","type":"page","link":"https:\/\/www.albergodimurlo.com\/de\/hotel\/","title":{"rendered":"Hotel"},"content":{"rendered":"<p>[vc_row][vc_column width=&#8220;1\/2&#8243;][vc_column_text]<\/p>\n<p class=\"testo\">Das <strong>Hotel Albergo di Murlo<\/strong> befindet sich in ruhiger Lage mit sch\u00f6nem Ausblick im Mittelpunkt der <strong>Provinz von Siena<\/strong> (<strong>Toskana<\/strong>), im Herzen einer <strong>etruskischen Kolonie<\/strong>, in einem Gebiet reich an naturhistorischen und architektonischen Sch\u00f6nheiten die Fr\u00fcchte einer tausendj\u00e4hrigen Kultur sind.<\/p>\n<p>Die Familie Rubegni heisst Sie herzlich willkommen und steht Ihnen jederzeit mit Hilfsbereitschaft und Freundlichkeit zur Seite.<br \/>\nDie R\u00e4umlichkeiten bieten unseren Gaesten Schwung, Wohlgef\u00fchl und Komfort den nur ein Familienbetrieb geben kann.<\/p>\n<p class=\"testo\">Das Hotel hat einen grossen Aufenthaltsraum mit Bar wo man nach ausgiebigen Schwimmen im Pool, einen Drink bekommen kann. Es gibt auch einen grossen Speisesaal in welchen man die <strong>Spezialitaeten<\/strong> des Hauses serviert bekommt. Die Zimmer sind mit privatem Badezimmer\/WC, Fernseher und Telefon ausgestattet. <strong>Kostenlose Wi-FI Internet<\/strong>.<br \/>\nUnsere K\u00fcche ist typisch toskanisch und wird vom Besitzer geleitet.<br \/>\nDas Hotel verf\u00fcgt auch \u00fcber ein grosses <strong>Schwimmbad<\/strong> (25 x 12,5) mit Umkleidekabinen und Toiletten, einen <strong>Tennisplatz<\/strong> und einen grossen Privatparkplatz und eine <strong>geschlossene Garage (kostenlos)<\/strong> f\u00fcr Autos, Motorr\u00e4der und Fahrr\u00e4der.<\/p>\n<p>[\/vc_column_text][\/vc_column][vc_column width=&#8220;1\/2&#8243;][vc_gallery images=&#8220;1162,1161,1163,1132&#8243; img_size=&#8220;medium&#8220; columns=&#8220;2&#8243; masonry=&#8220;fitRows&#8220;][\/vc_column][\/vc_row]<\/p>\n","protected":false},"excerpt":{"rendered":"<p>[vc_row][vc_column width=&#8220;1\/2&#8243;][vc_column_text] Das Hotel Albergo di Murlo befindet sich in ruhiger Lage mit sch\u00f6nem Ausblick im Mittelpunkt der Provinz von [&hellip;]<\/p>\n","protected":false},"author":2,"featured_media":0,"parent":0,"menu_order":0,"comment_status":"open","ping_status":"open","template":"page-templates\/page-fullwidth.php","meta":{"footnotes":""},"class_list":["post-11","page","type-page","status-publish","hentry"],"_links":{"self":[{"href":"https:\/\/www.albergodimurlo.com\/de\/wp-json\/wp\/v2\/pages\/11","targetHints":{"allow":["GET"]}}],"collection":[{"href":"https:\/\/www.albergodimurlo.com\/de\/wp-json\/wp\/v2\/pages"}],"about":[{"href":"https:\/\/www.albergodimurlo.com\/de\/wp-json\/wp\/v2\/types\/page"}],"author":[{"embeddable":true,"href":"https:\/\/www.albergodimurlo.com\/de\/wp-json\/wp\/v2\/users\/2"}],"replies":[{"embeddable":true,"href":"https:\/\/www.albergodimurlo.com\/de\/wp-json\/wp\/v2\/comments?post=11"}],"version-history":[{"count":5,"href":"https:\/\/www.albergodimurlo.com\/de\/wp-json\/wp\/v2\/pages\/11\/revisions"}],"predecessor-version":[{"id":1326,"href":"https:\/\/www.albergodimurlo.com\/de\/wp-json\/wp\/v2\/pages\/11\/revisions\/1326"}],"wp:attachment":[{"href":"https:\/\/www.albergodimurlo.com\/de\/wp-json\/wp\/v2\/media?parent=11"}],"curies":[{"name":"wp","href":"https:\/\/api.w.org\/{rel}","templated":true}]}}